{"id":62,"date":"2022-02-09T19:13:00","date_gmt":"2022-02-09T18:13:00","guid":{"rendered":"http:\/\/www.waldheim-degerloch.de\/wadelo\/?page_id=62"},"modified":"2026-03-29T23:53:01","modified_gmt":"2026-03-29T21:53:01","slug":"ferienwaldheim-2024","status":"publish","type":"page","link":"https:\/\/www.waldheim-degerloch.de\/wadelo\/index.php\/ferienwaldheim-2024\/","title":{"rendered":"Ferienwaldheim 2026"},"content":{"rendered":"\n<p class=\"has-luminous-vivid-amber-color has-text-color has-link-color has-medium-font-size wp-elements-d9607c3a2e3a98195b9f2c5ba595f35f\"><strong>Das Ferienwaldheim Degerloch findet auch 2026 wieder statt<\/strong><\/p>\n\n\n\n<p class=\"has-medium-font-size\"><strong>Liebe Kinder, liebe Eltern!<\/strong><\/p>\n\n\n\n<p>Zum 88. Mal l\u00e4dt die Evangelische Kirchengemeinde Degerloch auch in diesem Jahr wieder alle Kinder aus Degerloch, Hoffeld, Sonnenberg, Asemwald, Steckfeld, Birkach, Hohenheim, Plieningen und Sch\u00f6nberg ganz herzlich in den Sommerferien ins Degerlocher Ferienwaldheim ein, um gemeinsam tolle Ferien zu erleben.<br><br>Wir wollen zusammen spielen, basteln, singen, Sport treiben, Abenteuer erleben, Spa\u00df haben, Ausfl\u00fcge machen, biblische Geschichten h\u00f6ren und christliche Gemeinschaft erleben.<br><br>In der 1. Freizeit und in der 2. Freizeit sind Kinder im letzten Kindergartenjahr bis zur 9. Klasse eingeladen. Alle Kinder erhalten bei uns Vollverpflegung (vier Mahlzeiten) und werden den Tag \u00fcber von engagierten und ausgebildeten Ehrenamtlichen in gleichaltrigen Gruppen betreut. Die j\u00fcngsten und die \u00e4ltesten Gruppen sind gemischt, alle anderen Gruppen sind nach Geschlechtern getrennt.<br><br>Jugendliche, die 15 Jahre alt sind, sind eingeladen zum \u00bb15er-Projekt\u00ab, in dem sie in Gruppen hospitieren, selbstst\u00e4ndig Aufgaben \u00fcbernehmen und Einblick in die Waldheimarbeit erhalten. Diese Jugendlichen sind vom Elternbeitrag befreit. Bitte auch als Kind anmelden.<br><br>Wir freuen uns auf Eure Anmeldung!<\/p>\n\n\n\n<p class=\"has-medium-font-size\"><strong>Bitte beachten Sie Folgendes:<\/strong><\/p>\n\n\n\n<p>Die Anmeldung ist nur f\u00fcr die komplette Freizeitdauer m\u00f6glich.<\/p>\n\n\n\n<p>Wir gehen davon aus, dass Ihr Kind jeden Tag und die ganze Freizeit ins Waldheim geht \u2013 ansonsten behalten wir uns vor, Ihr Kind im n\u00e4chsten Jahr auf die Warteliste zu setzen.<\/p>\n\n\n\n<p>Am Samstag ist immer ein \u201ehalber\u201c Waldheimtag \u2013 in der ersten Woche vormittags, in der zweiten Woche nachmittags.<\/p>\n\n\n\n<p>Nutzen Sie unbedingt die SSB \u2013 Sonderbusse f\u00fcr die Fahrt zum Waldheim.<\/p>\n\n\n\n<p>Die Kinder kommen entweder mit dem Bus, als Fu\u00dfg\u00e4nger oder selbstst\u00e4ndig ins Waldheim. Unsere Aufsichtspflicht beginnt erst an den jeweiligen Treffpunkten oder Haltestellen. Im Sonderbus ab Plieningen erst im Bus selbst!<\/p>\n\n\n\n<p>Bitte teilen Sie es uns mit, wenn Ihr Kind wegen Krankheit oder sonstiger Gr\u00fcnde einmal nicht ins Waldheim kommen kann.<\/p>\n\n\n\n<p>Wir empfehlen Ihnen den Abschluss einer Privathaftpflichtversicherung f\u00fcr Sch\u00e4den, die Ihr Kind eventuell im Waldheim verursacht.<\/p>\n\n\n\n<p>Bitte \u00fcberpr\u00fcfen Sie rechtzeitig den Impfschutz Ihrer Kinder.<\/p>\n\n\n\n<p>Wir bitten alle Eltern, die ihre Kinder abends selbst abholen wollen, unbedingt vor dem Waldheimtor zu warten.<\/p>\n\n\n\n<p><\/p>\n\n\n\n<p class=\"has-medium-font-size\"><strong>Anmeldung<\/strong><\/p>\n\n\n\n<p>Die Anmeldung findet dieses Jahr <strong>ausschlie\u00dflich Online<\/strong> statt.<\/p>\n\n\n\n<p><strong>Sie m\u00fcssen zuerst die Daten des Kindes oder der Kinder eingeben und Ihre eigenen Daten am Schluss als Rechnungsempf\u00e4nger.<\/strong><\/p>\n\n\n\n<p>Vorab bitten wir Sie,<\/p>\n\n\n\n<ul class=\"wp-block-list\">\n<li>die <a href=\"https:\/\/www.waldheim-degerloch.de\/wadelo\/wp-content\/uploads\/2026\/03\/Teilnahmebedingung.pdf\" target=\"_blank\" rel=\"noreferrer noopener\">Teilnahmebedingungen<\/a> sowie<\/li>\n\n\n\n<li>die <a href=\"https:\/\/www.waldheim-degerloch.de\/wadelo\/wp-content\/uploads\/2026\/03\/FWH_Infektionsschutz.pdf\" target=\"_blank\" rel=\"noreferrer noopener\">Belehrung zum Infektionsschutzgesetz<\/a><\/li>\n<\/ul>\n\n\n\n<p>durchzulesen, da Sie sp\u00e4ter in der Anmeldung gezwungen sind, diese als gelesen zu best\u00e4tigen.<\/p>\n\n\n\n<p>Falls ihr Kind w\u00e4hrend der Waldheimzeit Medikamente nehmen muss, f\u00fcllen Sie bitte noch das <a href=\"https:\/\/www.waldheim-degerloch.de\/wadelo\/wp-content\/uploads\/2026\/03\/FWH_Bescheinigung_Medikamente.pdf\" target=\"_blank\" rel=\"noreferrer noopener\">Formular Medikamentengabe<\/a> aus.<br><br>Anmeldeschluss ist Samstag, 30. April 2026.<br>Die Reihenfolge der Anmeldungen bis zum 30. April 2026 hat keinen Einfluss auf die Vergabe der Waldheimpl\u00e4tze.<br><br>Ihre Anmeldung hat erst nach erfolgter Best\u00e4tigung per Email durch uns G\u00fcltigkeit und damit eine verbindliche Zusage!<br>Eine Best\u00e4tigung per Email erhalten Sie voraussichtlich Mitte Mai 2026.<br><br>Bitte haben Sie Verst\u00e4ndnis, dass die Kinder nur die komplette Zeit angemeldet werden k\u00f6nnen. Gleichzeitig gehen wir davon aus, dass die Kinder jeden Tag und die ganze Waldheimzeit an der Freizeit teilnehmen.<\/p>\n\n\n\n<p class=\"has-vivid-purple-color has-text-color has-link-color has-medium-font-size wp-elements-3fdae3ee24066273a3180fc72548def4\"><strong>1. Freizeit:&nbsp; &nbsp;Montag, 03.08.2026 \u2013 Samstag, 15.08.2026<\/strong><\/p>\n\n\n\n<div class=\"wp-block-buttons is-layout-flex wp-block-buttons-is-layout-flex\">\n<div class=\"wp-block-button\"><a class=\"wp-block-button__link has-black-color has-light-green-cyan-background-color has-text-color has-background has-link-color wp-element-button\" href=\"https:\/\/ev-kirche-degerloch.amosweb.de\/reg\/anmeldung\/349315\/start\" target=\"_blank\" rel=\"noreferrer noopener\">Anmeldung WAKI \/ 1. Frz<\/a><\/div>\n\n\n\n<div class=\"wp-block-button\"><a class=\"wp-block-button__link has-black-color has-pale-cyan-blue-background-color has-text-color has-background has-link-color wp-element-button\" href=\"https:\/\/ev-kirche-degerloch.amosweb.de\/reg\/anmeldung\/349315\/start?caregiverToken=7bd79cfb-78df-4653-a19f-fe424d38b943\" target=\"_blank\" rel=\"noreferrer noopener\">Anmeldung WAMI\/ 1. Frz<\/a><\/div>\n<\/div>\n\n\n\n<p><\/p>\n\n\n\n<p class=\"has-vivid-purple-color has-text-color has-link-color has-medium-font-size wp-elements-e253bcdf49c5daf9faef49c67d4cbc04\"><strong>2. Freizeit:&nbsp; &nbsp;Montag, 24.08.2026 \u2013 Samstag, 05.09.2026<\/strong><\/p>\n\n\n\n<div class=\"wp-block-buttons is-layout-flex wp-block-buttons-is-layout-flex\">\n<div class=\"wp-block-button\"><a class=\"wp-block-button__link has-black-color has-light-green-cyan-background-color has-text-color has-background has-link-color wp-element-button\" href=\"https:\/\/ev-kirche-degerloch.amosweb.de\/reg\/anmeldung\/381756\/start\" target=\"_blank\" rel=\"noreferrer noopener\">Anmeldung WAKI \/ 2. Frz<\/a><\/div>\n\n\n\n<div class=\"wp-block-button\"><a class=\"wp-block-button__link has-black-color has-pale-cyan-blue-background-color has-text-color has-background has-link-color wp-element-button\" href=\"https:\/\/ev-kirche-degerloch.amosweb.de\/reg\/anmeldung\/381756\/start?caregiverToken=7bd79cfb-78df-4653-a19f-fe424d38b943\" target=\"_blank\" rel=\"noreferrer noopener\">Anmeldung WAMI \/ 2. Frz<\/a><\/div>\n<\/div>\n\n\n\n<p class=\"has-medium-font-size\"><\/p>\n\n\n\n<p class=\"has-medium-font-size\"><strong>Wie kommen die Kinder ins Waldheim?<\/strong><\/p>\n\n\n\n<p>Mit dem Sonderbus \u201eDelphin\u201c ab Sonnenberg \u2013 BW-Bank, Abfahrt 7.55 Uhr, R\u00fcckkehr gegen 18.00 Uhr.<\/p>\n\n\n\n<p>Mit dem Sonderbus \u201eDelphin\u201c ab Albplatz, Abfahrt 8.05 Uhr am Busbahnhof, mit Halt an der Albschule, R\u00fcckkehr gegen 17.53 Uhr.<\/p>\n\n\n\n<p>Mit dem Sonderbus \u201eMarienk\u00e4fer\u201c vor dem Haus Erwin-B\u00e4lz-Stra\u00dfe 62, Abfahrt 8.25 Uhr mit Halt an der Pfullinger Stra\u00dfe, R\u00fcckkehr gegen 18.05 Uhr.<\/p>\n\n\n\n<p>Mit dem Sonderbus \u201eBiene\u201c ab Plieningen Seem\u00fchlenweg, Abfahrt 8.00 Uhr, \u00fcber Scharnhauser Br\u00fccke, Ressestra\u00dfe, Post, Fraubronnstra\u00dfe, Windhalmweg, Garbe, Claussenfeld, Steckfeld, R\u00fcckkehr gegen 18.25 Uhr.<\/p>\n\n\n\n<p>Fu\u00dfg\u00e4nger aus Hoffeld treffen sich um 8.00 Uhr an der Ecke Nauener Stra\u00dfe\/S\u00fcdweg und gehen von dort ins Waldheim. R\u00fcckkehr zwischen 18.15 Uhr und 18.30 Uhr.<\/p>\n\n\n\n<p>Die Kinder, die mit den \u00f6ffentlichen Bussen bis zur Haltestelle \u201eHohe Eiche\u201c fahren, werden von Mitarbeitenden abgeholt und begleitet.<\/p>\n\n\n\n<p>Abhohlkinder k\u00f6nnen erst nach dem letzten Bus ca 18.25 Uhr abgeholt werden.<\/p>\n\n\n\n<p><\/p>\n\n\n\n<p class=\"has-medium-font-size\"><strong>Waldheimb\u00fcrozeiten:<\/strong><\/p>\n\n\n\n<p>Donnerstag den, 16.04. \/ 30.04. \/ 07.05. \/ 21.05. \/ 11.06. \/ 25.06. \/ 09.07. \/ 23.07.<\/p>\n\n\n\n<p>von 17 &#8211; 19 Uhr im Evang. Gemeindehaus Elly Heuss-Knapp<\/p>\n\n\n\n<p><strong><em>ferien@waldheim-degerloch.de <\/em><\/strong><\/p>\n\n\n\n<p class=\"has-medium-font-size\"><\/p>\n\n\n\n<p class=\"has-medium-font-size\"><strong>Wir suchen Wamis<\/strong><\/p>\n\n\n\n<p><\/p>\n\n\n\n<figure class=\"wp-block-image size-large\"><img loading=\"lazy\" decoding=\"async\" width=\"683\" height=\"1024\" src=\"https:\/\/www.waldheim-degerloch.de\/wadelo\/wp-content\/uploads\/2026\/03\/Flyer_Wami-683x1024.jpeg\" alt=\"\" class=\"wp-image-359\" srcset=\"https:\/\/www.waldheim-degerloch.de\/wadelo\/wp-content\/uploads\/2026\/03\/Flyer_Wami-683x1024.jpeg 683w, https:\/\/www.waldheim-degerloch.de\/wadelo\/wp-content\/uploads\/2026\/03\/Flyer_Wami-200x300.jpeg 200w, https:\/\/www.waldheim-degerloch.de\/wadelo\/wp-content\/uploads\/2026\/03\/Flyer_Wami-768x1152.jpeg 768w, https:\/\/www.waldheim-degerloch.de\/wadelo\/wp-content\/uploads\/2026\/03\/Flyer_Wami-1024x1536.jpeg 1024w, https:\/\/www.waldheim-degerloch.de\/wadelo\/wp-content\/uploads\/2026\/03\/Flyer_Wami-1366x2048.jpeg 1366w, https:\/\/www.waldheim-degerloch.de\/wadelo\/wp-content\/uploads\/2026\/03\/Flyer_Wami-scaled.jpeg 1707w\" sizes=\"auto, (max-width: 683px) 100vw, 683px\" \/><\/figure>\n\n\n\n<p><\/p>\n","protected":false},"excerpt":{"rendered":"<p>Das Ferienwaldheim Degerloch findet auch 2026 wieder statt Liebe Kinder, liebe Eltern! Zum 88. Mal l\u00e4dt die Evangelische Kirchengemeinde Degerloch auch in diesem Jahr wieder alle Kinder aus Degerloch, Hoffeld, Sonnenberg, Asemwald, Steckfeld, Birkach, Hohenheim, Plieningen und Sch\u00f6nberg ganz herzlich in den Sommerferien ins Degerlocher Ferienwaldheim ein, um gemeinsam tolle Ferien zu erleben. Wir wollen &hellip; <\/p>\n<p class=\"link-more\"><a href=\"https:\/\/www.waldheim-degerloch.de\/wadelo\/index.php\/ferienwaldheim-2024\/\" class=\"more-link\"><span class=\"screen-reader-text\">\u201eFerienwaldheim 2026\u201c<\/span> weiterlesen<\/a><\/p>\n","protected":false},"author":1,"featured_media":0,"parent":0,"menu_order":0,"comment_status":"closed","ping_status":"closed","template":"","meta":{"footnotes":""},"class_list":["post-62","page","type-page","status-publish","hentry"],"_links":{"self":[{"href":"https:\/\/www.waldheim-degerloch.de\/wadelo\/index.php\/wp-json\/wp\/v2\/pages\/62","targetHints":{"allow":["GET"]}}],"collection":[{"href":"https:\/\/www.waldheim-degerloch.de\/wadelo\/index.php\/wp-json\/wp\/v2\/pages"}],"about":[{"href":"https:\/\/www.waldheim-degerloch.de\/wadelo\/index.php\/wp-json\/wp\/v2\/types\/page"}],"author":[{"embeddable":true,"href":"https:\/\/www.waldheim-degerloch.de\/wadelo\/index.php\/wp-json\/wp\/v2\/users\/1"}],"replies":[{"embeddable":true,"href":"https:\/\/www.waldheim-degerloch.de\/wadelo\/index.php\/wp-json\/wp\/v2\/comments?post=62"}],"version-history":[{"count":64,"href":"https:\/\/www.waldheim-degerloch.de\/wadelo\/index.php\/wp-json\/wp\/v2\/pages\/62\/revisions"}],"predecessor-version":[{"id":367,"href":"https:\/\/www.waldheim-degerloch.de\/wadelo\/index.php\/wp-json\/wp\/v2\/pages\/62\/revisions\/367"}],"wp:attachment":[{"href":"https:\/\/www.waldheim-degerloch.de\/wadelo\/index.php\/wp-json\/wp\/v2\/media?parent=62"}],"curies":[{"name":"wp","href":"https:\/\/api.w.org\/{rel}","templated":true}]}}